{"id":13,"date":"2024-12-09T16:57:29","date_gmt":"2024-12-09T16:57:29","guid":{"rendered":"https:\/\/niepolomicka.org.pl\/?page_id=13"},"modified":"2024-12-09T17:11:37","modified_gmt":"2024-12-09T17:11:37","slug":"strona-glowna","status":"publish","type":"page","link":"https:\/\/niepolomicka.org.pl\/","title":{"rendered":"Strona g\u0142\u00f3wna"},"content":{"rendered":"\r\n<div class=\"wp-block-cover alignfull has-white-background-color has-background-dim hestia-clear-top-padding\">\r\n<div class=\"wp-block-cover__inner-container is-layout-flow wp-block-cover-is-layout-flow\"><\/div>\r\n<\/div>\r\n<div class=\"wp-block-columns container\">\r\n<div class=\"wp-block-column col-md-5\">\r\n<h2 class=\"wp-block-heading\">Misja Stowarzyszenia<\/h2>\r\n\r\n\r\n\r\n<p>Naszym celem jest wspieranie integracji i rozwoju spo\u0142eczno\u015bci Zespo\u0142u Szk\u00f3\u0142 nr 74 w Warszawie poprzez dzia\u0142ania edukacyjne, kulturalne i muzyczne. Promujemy talenty, kultur\u0119 muzyczn\u0105, ekologi\u0119 i zdrowy styl \u017cycia, wspieramy osoby w trudnych sytuacjach oraz integracj\u0119 lokaln\u0105 i europejsk\u0105. Poprzez wsp\u00f3\u0142prac\u0119 i zaanga\u017cowanie tworzymy przestrze\u0144 sprzyjaj\u0105c\u0105 rozwojowi artystycznemu, spo\u0142ecznemu i edukacyjnemu.<\/p>\r\n<\/div>\r\n\r\n\r\n\r\n<div class=\"wp-block-column col-md-6 col-md-offset1 is-layout-flow wp-block-column-is-layout-flow\">\r\n<div style=\"height: 55px;\" aria-hidden=\"true\" class=\"wp-block-spacer\"><\/div>\r\n\r\n\r\n\r\n\r\n\r\n<p>&nbsp;<\/p>\r\n<\/div>\r\n<\/div>\r\n<!-- \/wp:post-content -->","protected":false},"excerpt":{"rendered":"<p>&nbsp;<\/p>\n","protected":false},"author":1,"featured_media":0,"parent":0,"menu_order":0,"comment_status":"closed","ping_status":"closed","template":"","meta":{"footnotes":""},"class_list":["post-13","page","type-page","status-publish","hentry"],"_links":{"self":[{"href":"https:\/\/niepolomicka.org.pl\/index.php\/wp-json\/wp\/v2\/pages\/13","targetHints":{"allow":["GET"]}}],"collection":[{"href":"https:\/\/niepolomicka.org.pl\/index.php\/wp-json\/wp\/v2\/pages"}],"about":[{"href":"https:\/\/niepolomicka.org.pl\/index.php\/wp-json\/wp\/v2\/types\/page"}],"author":[{"embeddable":true,"href":"https:\/\/niepolomicka.org.pl\/index.php\/wp-json\/wp\/v2\/users\/1"}],"replies":[{"embeddable":true,"href":"https:\/\/niepolomicka.org.pl\/index.php\/wp-json\/wp\/v2\/comments?post=13"}],"version-history":[{"count":4,"href":"https:\/\/niepolomicka.org.pl\/index.php\/wp-json\/wp\/v2\/pages\/13\/revisions"}],"predecessor-version":[{"id":44,"href":"https:\/\/niepolomicka.org.pl\/index.php\/wp-json\/wp\/v2\/pages\/13\/revisions\/44"}],"wp:attachment":[{"href":"https:\/\/niepolomicka.org.pl\/index.php\/wp-json\/wp\/v2\/media?parent=13"}],"curies":[{"name":"wp","href":"https:\/\/api.w.org\/{rel}","templated":true}]}}